{"id":1897,"date":"2023-01-18T14:30:17","date_gmt":"2023-01-18T13:30:17","guid":{"rendered":"https:\/\/bordeaux-transfer-02.chevvart.fr\/le-formulaire\/"},"modified":"2025-05-15T17:33:29","modified_gmt":"2025-05-15T15:33:29","slug":"le-formulaire","status":"publish","type":"page","link":"https:\/\/bordeaux-transfer.eu\/en\/le-formulaire\/","title":{"rendered":"LE FORMULAIRE"},"content":{"rendered":"\t\t<div data-elementor-type=\"wp-page\" data-elementor-id=\"1897\" class=\"elementor elementor-1897 elementor-1783\" data-elementor-post-type=\"page\">\n\t\t\t\t<div class=\"elementor-element elementor-element-3ed20bd e-flex e-con-boxed parallax_section_no qode_elementor_container_no e-con e-parent\" data-id=\"3ed20bd\" data-element_type=\"container\">\n\t\t\t\t\t<div class=\"e-con-inner\">\n\t\t\t\t<div class=\"elementor-element elementor-element-9506fe5 elementor-widget elementor-widget-heading\" data-id=\"9506fe5\" data-element_type=\"widget\" data-widget_type=\"heading.default\">\n\t\t\t\t<div class=\"elementor-widget-container\">\n\t\t\t\t\t<h2 class=\"elementor-heading-title elementor-size-default\">Demander un devis<\/h2>\t\t\t\t<\/div>\n\t\t\t\t<\/div>\n\t\t\t\t<div class=\"elementor-element elementor-element-8442a31 elementor-widget elementor-widget-heading\" data-id=\"8442a31\" data-element_type=\"widget\" data-widget_type=\"heading.default\">\n\t\t\t\t<div class=\"elementor-widget-container\">\n\t\t\t\t\t<h5 class=\"elementor-heading-title elementor-size-default\">Remplissez simplement le formulaire de r\u00e9servation ou \u00e9crivez-nous \u00e0 notre e-mail en pr\u00e9cisant les informations suivantes :<\/h5>\t\t\t\t<\/div>\n\t\t\t\t<\/div>\n\t\t\t\t<div class=\"elementor-element elementor-element-7cc55d7 elementor-widget elementor-widget-heading\" data-id=\"7cc55d7\" data-element_type=\"widget\" data-widget_type=\"heading.default\">\n\t\t\t\t<div class=\"elementor-widget-container\">\n\t\t\t\t\t<h5 class=\"elementor-heading-title elementor-size-default\">Jour et heure de votre transfert ou voyage, adresse de d\u00e9part, adresse d'arriv\u00e9e ou itin\u00e9raire complet si besoin, num\u00e9ro de vol ou de train. Un devis est garanti en quelques heures.<\/h5>\t\t\t\t<\/div>\n\t\t\t\t<\/div>\n\t\t\t\t\t<\/div>\n\t\t\t\t<\/div>\n\t\t<div class=\"elementor-element elementor-element-18ab701 e-flex e-con-boxed parallax_section_no qode_elementor_container_no e-con e-parent\" data-id=\"18ab701\" data-element_type=\"container\">\n\t\t\t\t\t<div class=\"e-con-inner\">\n\t\t\t\t<div class=\"elementor-element elementor-element-56e9208 elementor-button-align-center elementor-widget elementor-widget-form\" data-id=\"56e9208\" data-element_type=\"widget\" data-settings=\"{&quot;step_next_label&quot;:&quot;Next&quot;,&quot;step_previous_label&quot;:&quot;Previous&quot;,&quot;button_width&quot;:&quot;100&quot;,&quot;step_type&quot;:&quot;number_text&quot;,&quot;step_icon_shape&quot;:&quot;circle&quot;}\" data-widget_type=\"form.default\">\n\t\t\t\t<div class=\"elementor-widget-container\">\n\t\t\t\t\t\t\t<form class=\"elementor-form\" method=\"post\" name=\"New Form\" aria-label=\"New Form\">\n\t\t\t<input type=\"hidden\" name=\"post_id\" value=\"1897\"\/>\n\t\t\t<input type=\"hidden\" name=\"form_id\" value=\"56e9208\"\/>\n\t\t\t<input type=\"hidden\" name=\"referer_title\" value=\"LE FORMULAIRE - Bordeaux Transfer\" \/>\n\n\t\t\t\t\t\t\t<input type=\"hidden\" name=\"queried_id\" value=\"1897\"\/>\n\t\t\t\n\t\t\t<div class=\"elementor-form-fields-wrapper elementor-labels-\">\n\t\t\t\t\t\t\t\t<div class=\"elementor-field-type-text elementor-field-group elementor-column elementor-field-group-name elementor-col-50 elementor-field-required\">\n\t\t\t\t\t\t\t\t\t\t\t\t<label for=\"form-field-name\" class=\"elementor-field-label elementor-screen-only\">\n\t\t\t\t\t\t\t\tNom\t\t\t\t\t\t\t<\/label>\n\t\t\t\t\t\t\t\t\t\t\t\t\t\t<input size=\"1\" type=\"text\" name=\"form_fields[name]\" id=\"form-field-name\" class=\"elementor-field elementor-size-sm  elementor-field-textual\" placeholder=\"Nom\" required=\"required\">\n\t\t\t\t\t\t\t\t\t\t\t<\/div>\n\t\t\t\t\t\t\t\t<div class=\"elementor-field-type-text elementor-field-group elementor-column elementor-field-group-field_30dc372 elementor-col-50 elementor-field-required\">\n\t\t\t\t\t\t\t\t\t\t\t\t<label for=\"form-field-field_30dc372\" class=\"elementor-field-label elementor-screen-only\">\n\t\t\t\t\t\t\t\tPrenom\t\t\t\t\t\t\t<\/label>\n\t\t\t\t\t\t\t\t\t\t\t\t\t\t<input size=\"1\" type=\"text\" name=\"form_fields[field_30dc372]\" id=\"form-field-field_30dc372\" class=\"elementor-field elementor-size-sm  elementor-field-textual\" placeholder=\"Prenom\" required=\"required\">\n\t\t\t\t\t\t\t\t\t\t\t<\/div>\n\t\t\t\t\t\t\t\t<div class=\"elementor-field-type-email elementor-field-group elementor-column elementor-field-group-email elementor-col-50 elementor-field-required\">\n\t\t\t\t\t\t\t\t\t\t\t\t<label for=\"form-field-email\" class=\"elementor-field-label elementor-screen-only\">\n\t\t\t\t\t\t\t\tEmail\t\t\t\t\t\t\t<\/label>\n\t\t\t\t\t\t\t\t\t\t\t\t\t\t<input size=\"1\" type=\"email\" name=\"form_fields[email]\" id=\"form-field-email\" class=\"elementor-field elementor-size-sm  elementor-field-textual\" placeholder=\"Email\" required=\"required\">\n\t\t\t\t\t\t\t\t\t\t\t<\/div>\n\t\t\t\t\t\t\t\t<div class=\"elementor-field-type-tel elementor-field-group elementor-column elementor-field-group-field_df0be64 elementor-col-50\">\n\t\t\t\t\t\t\t\t\t\t\t\t<label for=\"form-field-field_df0be64\" class=\"elementor-field-label elementor-screen-only\">\n\t\t\t\t\t\t\t\tPhone\t\t\t\t\t\t\t<\/label>\n\t\t\t\t\t\t\t\t<input size=\"1\" type=\"tel\" name=\"form_fields[field_df0be64]\" id=\"form-field-field_df0be64\" class=\"elementor-field elementor-size-sm  elementor-field-textual\" placeholder=\"T\u00e9l\u00e9phone\" pattern=\"[0-9()#&amp;+*-=.]+\" title=\"Only numbers and phone characters (#, -, *, etc) are accepted.\">\n\n\t\t\t\t\t\t<\/div>\n\t\t\t\t\t\t\t\t<div class=\"elementor-field-type-html elementor-field-group elementor-column elementor-field-group-field_e80870a elementor-col-100\">\n\t\t\t\t\tDATE ET HEUR DU TRANSFERT*\t\t\t\t<\/div>\n\t\t\t\t\t\t\t\t<div class=\"elementor-field-type-date elementor-field-group elementor-column elementor-field-group-field_9d28745 elementor-col-50 elementor-field-required\">\n\t\t\t\t\t\t\t\t\t\t\t\t<label for=\"form-field-field_9d28745\" class=\"elementor-field-label elementor-screen-only\">\n\t\t\t\t\t\t\t\tDate\t\t\t\t\t\t\t<\/label>\n\t\t\t\t\t\t\n\t\t<input type=\"date\" name=\"form_fields[field_9d28745]\" id=\"form-field-field_9d28745\" class=\"elementor-field elementor-size-sm  elementor-field-textual elementor-date-field\" placeholder=\"Date\" required=\"required\" pattern=\"[0-9]{4}-[0-9]{2}-[0-9]{2}\">\n\t\t\t\t\t\t<\/div>\n\t\t\t\t\t\t\t\t<div class=\"elementor-field-type-time elementor-field-group elementor-column elementor-field-group-field_69ce005 elementor-col-50 elementor-field-required\">\n\t\t\t\t\t\t\t\t\t\t\t\t<label for=\"form-field-field_69ce005\" class=\"elementor-field-label elementor-screen-only\">\n\t\t\t\t\t\t\t\tHuer\t\t\t\t\t\t\t<\/label>\n\t\t\t\t\t\t\t\t<input type=\"time\" name=\"form_fields[field_69ce005]\" id=\"form-field-field_69ce005\" class=\"elementor-field elementor-size-sm  elementor-field-textual elementor-time-field\" placeholder=\"Huer\" required=\"required\">\n\t\t\t\t\t\t<\/div>\n\t\t\t\t\t\t\t\t<div class=\"elementor-field-type-html elementor-field-group elementor-column elementor-field-group-field_05a4469 elementor-col-100\">\n\t\t\t\t\tVOTRE TRAJET\t\t\t\t<\/div>\n\t\t\t\t\t\t\t\t<div class=\"elementor-field-type-html elementor-field-group elementor-column elementor-field-group-field_ddc07dc elementor-col-100\">\n\t\t\t\t\tO\u00f9 souhaitez-vous \u00eatre pris en charge ?\t\t\t\t<\/div>\n\t\t\t\t\t\t\t\t<div class=\"elementor-field-type-html elementor-field-group elementor-column elementor-field-group-field_eff6dc9 elementor-col-100\">\n\t\t\t\t\tPoint de d\u00e9part\t\t\t\t<\/div>\n\t\t\t\t\t\t\t\t<div class=\"elementor-field-type-radio elementor-field-group elementor-column elementor-field-group-field_e68cf31 elementor-col-100\">\n\t\t\t\t\t\t\t\t\t\t\t\t<label for=\"form-field-field_e68cf31\" class=\"elementor-field-label elementor-screen-only\">\n\t\t\t\t\t\t\t\tPoint de d\u00e9part\t\t\t\t\t\t\t<\/label>\n\t\t\t\t\t\t<div class=\"elementor-field-subgroup  \"><span class=\"elementor-field-option\"><input type=\"radio\" value=\"-\tBordeaux Merignac Airport\" id=\"form-field-field_e68cf31-0\" name=\"form_fields[field_e68cf31]\"> <label for=\"form-field-field_e68cf31-0\">-\tBordeaux Merignac Airport<\/label><\/span><span class=\"elementor-field-option\"><input type=\"radio\" value=\"-\tBordeaux Saint-Jean train station\" id=\"form-field-field_e68cf31-1\" name=\"form_fields[field_e68cf31]\"> <label for=\"form-field-field_e68cf31-1\">-\tBordeaux Saint-Jean train station<\/label><\/span><span class=\"elementor-field-option\"><input type=\"radio\" value=\"-\tAddress de d\u00e9part\" id=\"form-field-field_e68cf31-2\" name=\"form_fields[field_e68cf31]\"> <label for=\"form-field-field_e68cf31-2\">-\tAddress de d\u00e9part<\/label><\/span><\/div>\t\t\t\t<\/div>\n\t\t\t\t\t\t\t\t<div class=\"elementor-field-type-textarea elementor-field-group elementor-column elementor-field-group-field_5d52844 elementor-col-70\">\n\t\t\t\t\t\t\t\t\t\t\t\t<label for=\"form-field-field_5d52844\" class=\"elementor-field-label elementor-screen-only\">\n\t\t\t\t\t\t\t\tAdresse de depart\t\t\t\t\t\t\t<\/label>\n\t\t\t\t\t\t<textarea class=\"elementor-field-textual elementor-field  elementor-size-sm\" name=\"form_fields[field_5d52844]\" id=\"form-field-field_5d52844\" rows=\"4\" placeholder=\"Adresse de d\u00e9part\"><\/textarea>\t\t\t\t<\/div>\n\t\t\t\t\t\t\t\t<div class=\"elementor-field-type-html elementor-field-group elementor-column elementor-field-group-field_654988a elementor-col-100\">\n\t\t\t\t\tO\u00f9 voudriez-vous aller ?\t\t\t\t<\/div>\n\t\t\t\t\t\t\t\t<div class=\"elementor-field-type-radio elementor-field-group elementor-column elementor-field-group-field_cb107d6 elementor-col-100\">\n\t\t\t\t\t\t\t\t\t\t\t\t<label for=\"form-field-field_cb107d6\" class=\"elementor-field-label elementor-screen-only\">\n\t\t\t\t\t\t\t\tPoint d\u2019arriv\u00e9e\t\t\t\t\t\t\t<\/label>\n\t\t\t\t\t\t<div class=\"elementor-field-subgroup  \"><span class=\"elementor-field-option\"><input type=\"radio\" value=\"-\tBordeaux Merignac Airport\" id=\"form-field-field_cb107d6-0\" name=\"form_fields[field_cb107d6]\"> <label for=\"form-field-field_cb107d6-0\">-\tBordeaux Merignac Airport<\/label><\/span><span class=\"elementor-field-option\"><input type=\"radio\" value=\"-\tBordeaux Saint-Jean train station\" id=\"form-field-field_cb107d6-1\" name=\"form_fields[field_cb107d6]\"> <label for=\"form-field-field_cb107d6-1\">-\tBordeaux Saint-Jean train station<\/label><\/span><span class=\"elementor-field-option\"><input type=\"radio\" value=\"-\tAddress \" id=\"form-field-field_cb107d6-2\" name=\"form_fields[field_cb107d6]\"> <label for=\"form-field-field_cb107d6-2\">-\tAddress <\/label><\/span><\/div>\t\t\t\t<\/div>\n\t\t\t\t\t\t\t\t<div class=\"elementor-field-type-textarea elementor-field-group elementor-column elementor-field-group-field_593b03d elementor-col-70\">\n\t\t\t\t\t\t\t\t\t\t\t\t<label for=\"form-field-field_593b03d\" class=\"elementor-field-label elementor-screen-only\">\n\t\t\t\t\t\t\t\tAdresse d'arriver\t\t\t\t\t\t\t<\/label>\n\t\t\t\t\t\t<textarea class=\"elementor-field-textual elementor-field  elementor-size-sm\" name=\"form_fields[field_593b03d]\" id=\"form-field-field_593b03d\" rows=\"4\" placeholder=\"Adresse d&#039;arriver\"><\/textarea>\t\t\t\t<\/div>\n\t\t\t\t\t\t\t\t<div class=\"elementor-field-type-html elementor-field-group elementor-column elementor-field-group-field_be53046 elementor-col-50\">\n\t\t\t\t\tD\u00e9viation (arr\u00eat, prise en charge, d\u00e9pose en cours de route)\t\t\t\t<\/div>\n\t\t\t\t\t\t\t\t<div class=\"elementor-field-type-radio elementor-field-group elementor-column elementor-field-group-field_9a25a1f elementor-col-100 elementor-field-required\">\n\t\t\t\t\t\t\t\t\t\t\t\t<label for=\"form-field-field_9a25a1f\" class=\"elementor-field-label elementor-screen-only\">\n\t\t\t\t\t\t\t\tD\u00e9viation (arr\u00eat, prise en charge, d\u00e9pose en cours de route)\t\t\t\t\t\t\t<\/label>\n\t\t\t\t\t\t<div class=\"elementor-field-subgroup  elementor-subgroup-inline\"><span class=\"elementor-field-option\"><input type=\"radio\" value=\"oui\" id=\"form-field-field_9a25a1f-0\" name=\"form_fields[field_9a25a1f]\" required=\"required\"> <label for=\"form-field-field_9a25a1f-0\">OUI<\/label><\/span><span class=\"elementor-field-option\"><input type=\"radio\" value=\"non\" id=\"form-field-field_9a25a1f-1\" name=\"form_fields[field_9a25a1f]\" required=\"required\"> <label for=\"form-field-field_9a25a1f-1\">NON<\/label><\/span><\/div>\t\t\t\t<\/div>\n\t\t\t\t\t\t\t\t<div class=\"elementor-field-type-html elementor-field-group elementor-column elementor-field-group-field_f6a51da elementor-col-75\">\n\t\t\t\t\tAvez-vous besoin d'un si\u00e8ge b\u00e9b\u00e9 \/ r\u00e9hausseur ?\t\t\t\t<\/div>\n\t\t\t\t\t\t\t\t<div class=\"elementor-field-type-radio elementor-field-group elementor-column elementor-field-group-field_641f578 elementor-col-100\">\n\t\t\t\t\t\t\t\t\t\t\t\t<label for=\"form-field-field_641f578\" class=\"elementor-field-label elementor-screen-only\">\n\t\t\t\t\t\t\t\tAvez-vous besoin d'un si\u00e8ge b\u00e9b\u00e9 \/ r\u00e9hausseur ?\t\t\t\t\t\t\t<\/label>\n\t\t\t\t\t\t<div class=\"elementor-field-subgroup  elementor-subgroup-inline\"><span class=\"elementor-field-option\"><input type=\"radio\" value=\"oui\" id=\"form-field-field_641f578-0\" name=\"form_fields[field_641f578]\"> <label for=\"form-field-field_641f578-0\">OUI<\/label><\/span><span class=\"elementor-field-option\"><input type=\"radio\" value=\"non\" id=\"form-field-field_641f578-1\" name=\"form_fields[field_641f578]\"> <label for=\"form-field-field_641f578-1\">NON<\/label><\/span><\/div>\t\t\t\t<\/div>\n\t\t\t\t\t\t\t\t<div class=\"elementor-field-type-html elementor-field-group elementor-column elementor-field-group-field_b82d71e elementor-col-100\">\n\t\t\t\t\tNombre de passagers et de bagages\t\t\t\t<\/div>\n\t\t\t\t\t\t\t\t<div class=\"elementor-field-type-number elementor-field-group elementor-column elementor-field-group-field_01edb01 elementor-col-33\">\n\t\t\t\t\t\t\t\t\t\t\t\t<label for=\"form-field-field_01edb01\" class=\"elementor-field-label elementor-screen-only\">\n\t\t\t\t\t\t\t\tNombre de passagers\t\t\t\t\t\t\t<\/label>\n\t\t\t\t\t\t\t\t\t<input type=\"number\" name=\"form_fields[field_01edb01]\" id=\"form-field-field_01edb01\" class=\"elementor-field elementor-size-sm  elementor-field-textual\" placeholder=\"Nombre de passagers\" min=\"1\" max=\"30\" >\n\t\t\t\t\t\t<\/div>\n\t\t\t\t\t\t\t\t<div class=\"elementor-field-type-number elementor-field-group elementor-column elementor-field-group-field_a90e6c7 elementor-col-33\">\n\t\t\t\t\t\t\t\t\t\t\t\t<label for=\"form-field-field_a90e6c7\" class=\"elementor-field-label elementor-screen-only\">\n\t\t\t\t\t\t\t\tNombre de bagages\t\t\t\t\t\t\t<\/label>\n\t\t\t\t\t\t\t\t\t<input type=\"number\" name=\"form_fields[field_a90e6c7]\" id=\"form-field-field_a90e6c7\" class=\"elementor-field elementor-size-sm  elementor-field-textual\" placeholder=\"Nombre de bagages\" min=\"0\" max=\"30\" >\n\t\t\t\t\t\t<\/div>\n\t\t\t\t\t\t\t\t<div class=\"elementor-field-type-number elementor-field-group elementor-column elementor-field-group-field_9f7ae3d elementor-col-33\">\n\t\t\t\t\t\t\t\t\t\t\t\t<label for=\"form-field-field_9f7ae3d\" class=\"elementor-field-label elementor-screen-only\">\n\t\t\t\t\t\t\t\tBagage(s) \u00e0 main\t\t\t\t\t\t\t<\/label>\n\t\t\t\t\t\t\t\t\t<input type=\"number\" name=\"form_fields[field_9f7ae3d]\" id=\"form-field-field_9f7ae3d\" class=\"elementor-field elementor-size-sm  elementor-field-textual\" placeholder=\"Bagage(s) \u00e0 main\" min=\"0\" max=\"30\" >\n\t\t\t\t\t\t<\/div>\n\t\t\t\t\t\t\t\t<div class=\"elementor-field-type-textarea elementor-field-group elementor-column elementor-field-group-message elementor-col-100\">\n\t\t\t\t\t\t\t\t\t\t\t\t<label for=\"form-field-message\" class=\"elementor-field-label elementor-screen-only\">\n\t\t\t\t\t\t\t\tMessage\t\t\t\t\t\t\t<\/label>\n\t\t\t\t\t\t<textarea class=\"elementor-field-textual elementor-field  elementor-size-sm\" name=\"form_fields&lt;div class=&#039;q_message &#039; style=&#039;&#039;&gt;&lt;div class=&#039;q_message_inner&#039;&gt;&lt;a href=&#039;#&#039; class=&#039;close&#039; aria-label=&#039;Close message&#039;&gt;&lt;i class=&#039;fa fa-times&#039; style=&#039;&#039;&gt;&lt;\/i&gt;&lt;\/a&gt;&lt;div class=&#039;message_text_holder&#039;&gt;&lt;div class=&#039;message_text&#039;&gt;&lt;div class=&#039;message_text_inner&#039;&gt;&lt;\/div&gt;&lt;\/div&gt;&lt;\/div&gt;&lt;\/div&gt;&lt;\/div&gt;\" id=\"form-field-message\" rows=\"4\" placeholder=\"Message\"><\/textarea>\t\t\t\t<\/div>\n\t\t\t\t\t\t\t\t<div class=\"elementor-field-group elementor-column elementor-field-type-submit elementor-col-100 e-form__buttons\">\n\t\t\t\t\t<button class=\"elementor-button elementor-size-lg\" type=\"submit\">\n\t\t\t\t\t\t<span class=\"elementor-button-content-wrapper\">\n\t\t\t\t\t\t\t\t\t\t\t\t\t\t\t\t\t\t\t\t\t\t<span class=\"elementor-button-text\">Envoyer<\/span>\n\t\t\t\t\t\t\t\t\t\t\t\t\t<\/span>\n\t\t\t\t\t<\/button>\n\t\t\t\t<\/div>\n\t\t\t<\/div>\n\t\t<\/form>\n\t\t\t\t\t\t<\/div>\n\t\t\t\t<\/div>\n\t\t\t\t\t<\/div>\n\t\t\t\t<\/div>\n\t\t\t\t<\/div>\n\t\t","protected":false},"excerpt":{"rendered":"<p>Demander un devis Remplissez simplement le formulaire de r\u00e9servation ou \u00e9crivez-nous \u00e0 notre e-mail en pr\u00e9cisant les informations suivantes : Jour et heure de votre transfert ou voyage, adresse de d\u00e9part, adresse d&#8217;arriv\u00e9e ou itin\u00e9raire complet si besoin, num\u00e9ro de vol ou de train. Un&#8230;<\/p>\n","protected":false},"author":1,"featured_media":0,"parent":0,"menu_order":0,"comment_status":"closed","ping_status":"closed","template":"full_width.php","meta":{"footnotes":""},"class_list":["post-1897","page","type-page","status-publish","hentry"],"yoast_head":"<!-- This site is optimized with the Yoast SEO Premium plugin v26.6 (Yoast SEO v26.6) - https:\/\/yoast.com\/wordpress\/plugins\/seo\/ -->\n<title>LE FORMULAIRE - Bordeaux Transfer<\/title>\n<meta name=\"robots\" content=\"index, follow, max-snippet:-1, max-image-preview:large, max-video-preview:-1\" \/>\n<link rel=\"canonical\" href=\"https:\/\/bordeaux-transfer.eu\/en\/le-formulaire\/\" \/>\n<meta property=\"og:locale\" content=\"en_US\" \/>\n<meta property=\"og:type\" content=\"article\" \/>\n<meta property=\"og:title\" content=\"LE FORMULAIRE\" \/>\n<meta property=\"og:description\" content=\"Demander un devis Remplissez simplement le formulaire de r\u00e9servation ou \u00e9crivez-nous \u00e0 notre e-mail en pr\u00e9cisant les informations suivantes : Jour et heure de votre transfert ou voyage, adresse de d\u00e9part, adresse d&#8217;arriv\u00e9e ou itin\u00e9raire complet si besoin, num\u00e9ro de vol ou de train. Un...\" \/>\n<meta property=\"og:url\" content=\"https:\/\/bordeaux-transfer.eu\/en\/le-formulaire\/\" \/>\n<meta property=\"og:site_name\" content=\"Bordeaux Transfer\" \/>\n<meta property=\"article:modified_time\" content=\"2025-05-15T15:33:29+00:00\" \/>\n<meta name=\"twitter:card\" content=\"summary_large_image\" \/>\n<meta name=\"twitter:label1\" content=\"Est. reading time\" \/>\n\t<meta name=\"twitter:data1\" content=\"1 minute\" \/>\n<script type=\"application\/ld+json\" class=\"yoast-schema-graph\">{\"@context\":\"https:\/\/schema.org\",\"@graph\":[{\"@type\":\"WebPage\",\"@id\":\"https:\/\/bordeaux-transfer.eu\/en\/le-formulaire\/\",\"url\":\"https:\/\/bordeaux-transfer.eu\/en\/le-formulaire\/\",\"name\":\"LE FORMULAIRE - Bordeaux Transfer\",\"isPartOf\":{\"@id\":\"https:\/\/bordeaux-transfer.eu\/en\/#website\"},\"datePublished\":\"2023-01-18T13:30:17+00:00\",\"dateModified\":\"2025-05-15T15:33:29+00:00\",\"breadcrumb\":{\"@id\":\"https:\/\/bordeaux-transfer.eu\/en\/le-formulaire\/#breadcrumb\"},\"inLanguage\":\"en-US\",\"potentialAction\":[{\"@type\":\"ReadAction\",\"target\":[\"https:\/\/bordeaux-transfer.eu\/en\/le-formulaire\/\"]}]},{\"@type\":\"BreadcrumbList\",\"@id\":\"https:\/\/bordeaux-transfer.eu\/en\/le-formulaire\/#breadcrumb\",\"itemListElement\":[{\"@type\":\"ListItem\",\"position\":1,\"name\":\"Home\",\"item\":\"https:\/\/bordeaux-transfer.eu\/en\/\"},{\"@type\":\"ListItem\",\"position\":2,\"name\":\"LE FORMULAIRE\"}]},{\"@type\":\"WebSite\",\"@id\":\"https:\/\/bordeaux-transfer.eu\/en\/#website\",\"url\":\"https:\/\/bordeaux-transfer.eu\/en\/\",\"name\":\"Bordeaux Transfer\",\"description\":\"Bordeaux Transfer\",\"potentialAction\":[{\"@type\":\"SearchAction\",\"target\":{\"@type\":\"EntryPoint\",\"urlTemplate\":\"https:\/\/bordeaux-transfer.eu\/en\/?s={search_term_string}\"},\"query-input\":{\"@type\":\"PropertyValueSpecification\",\"valueRequired\":true,\"valueName\":\"search_term_string\"}}],\"inLanguage\":\"en-US\"}]}<\/script>\n<!-- \/ Yoast SEO Premium plugin. -->","yoast_head_json":{"title":"LE FORMULAIRE - Bordeaux Transfer","robots":{"index":"index","follow":"follow","max-snippet":"max-snippet:-1","max-image-preview":"max-image-preview:large","max-video-preview":"max-video-preview:-1"},"canonical":"https:\/\/bordeaux-transfer.eu\/en\/le-formulaire\/","og_locale":"en_US","og_type":"article","og_title":"LE FORMULAIRE","og_description":"Demander un devis Remplissez simplement le formulaire de r\u00e9servation ou \u00e9crivez-nous \u00e0 notre e-mail en pr\u00e9cisant les informations suivantes : Jour et heure de votre transfert ou voyage, adresse de d\u00e9part, adresse d&#8217;arriv\u00e9e ou itin\u00e9raire complet si besoin, num\u00e9ro de vol ou de train. Un...","og_url":"https:\/\/bordeaux-transfer.eu\/en\/le-formulaire\/","og_site_name":"Bordeaux Transfer","article_modified_time":"2025-05-15T15:33:29+00:00","twitter_card":"summary_large_image","twitter_misc":{"Est. reading time":"1 minute"},"schema":{"@context":"https:\/\/schema.org","@graph":[{"@type":"WebPage","@id":"https:\/\/bordeaux-transfer.eu\/en\/le-formulaire\/","url":"https:\/\/bordeaux-transfer.eu\/en\/le-formulaire\/","name":"LE FORMULAIRE - Bordeaux Transfer","isPartOf":{"@id":"https:\/\/bordeaux-transfer.eu\/en\/#website"},"datePublished":"2023-01-18T13:30:17+00:00","dateModified":"2025-05-15T15:33:29+00:00","breadcrumb":{"@id":"https:\/\/bordeaux-transfer.eu\/en\/le-formulaire\/#breadcrumb"},"inLanguage":"en-US","potentialAction":[{"@type":"ReadAction","target":["https:\/\/bordeaux-transfer.eu\/en\/le-formulaire\/"]}]},{"@type":"BreadcrumbList","@id":"https:\/\/bordeaux-transfer.eu\/en\/le-formulaire\/#breadcrumb","itemListElement":[{"@type":"ListItem","position":1,"name":"Home","item":"https:\/\/bordeaux-transfer.eu\/en\/"},{"@type":"ListItem","position":2,"name":"LE FORMULAIRE"}]},{"@type":"WebSite","@id":"https:\/\/bordeaux-transfer.eu\/en\/#website","url":"https:\/\/bordeaux-transfer.eu\/en\/","name":"Bordeaux Transfer","description":"Bordeaux Transfer","potentialAction":[{"@type":"SearchAction","target":{"@type":"EntryPoint","urlTemplate":"https:\/\/bordeaux-transfer.eu\/en\/?s={search_term_string}"},"query-input":{"@type":"PropertyValueSpecification","valueRequired":true,"valueName":"search_term_string"}}],"inLanguage":"en-US"}]}},"_links":{"self":[{"href":"https:\/\/bordeaux-transfer.eu\/en\/wp-json\/wp\/v2\/pages\/1897","targetHints":{"allow":["GET"]}}],"collection":[{"href":"https:\/\/bordeaux-transfer.eu\/en\/wp-json\/wp\/v2\/pages"}],"about":[{"href":"https:\/\/bordeaux-transfer.eu\/en\/wp-json\/wp\/v2\/types\/page"}],"author":[{"embeddable":true,"href":"https:\/\/bordeaux-transfer.eu\/en\/wp-json\/wp\/v2\/users\/1"}],"replies":[{"embeddable":true,"href":"https:\/\/bordeaux-transfer.eu\/en\/wp-json\/wp\/v2\/comments?post=1897"}],"version-history":[{"count":16,"href":"https:\/\/bordeaux-transfer.eu\/en\/wp-json\/wp\/v2\/pages\/1897\/revisions"}],"predecessor-version":[{"id":2265,"href":"https:\/\/bordeaux-transfer.eu\/en\/wp-json\/wp\/v2\/pages\/1897\/revisions\/2265"}],"wp:attachment":[{"href":"https:\/\/bordeaux-transfer.eu\/en\/wp-json\/wp\/v2\/media?parent=1897"}],"curies":[{"name":"wp","href":"https:\/\/api.w.org\/{rel}","templated":true}]}}